{"id":13015,"date":"2025-09-11T21:26:41","date_gmt":"2025-09-11T21:26:41","guid":{"rendered":"https:\/\/worldsgarden.eu\/?post_type=product&#038;p=13015"},"modified":"2025-10-08T13:59:43","modified_gmt":"2025-10-08T13:59:43","slug":"strawberry-cherry","status":"publish","type":"product","link":"https:\/\/worldsgarden.eu\/sv\/produkt\/strawberry-cherry\/","title":{"rendered":"Jordgubbe K\u00f6rsb\u00e4r"},"content":{"rendered":"<p><span style=\"font-weight: 400;\">\u00a0Levande <\/span><b>blandning av jordgubbs- och k\u00f6rsb\u00e4rsjuice<\/b><span style=\"font-weight: 400;\">, perfekt f\u00f6r <\/span><b>smoothies, s\u00e5ser, desserter och drycker<\/b><span style=\"font-weight: 400;\">. Ett fr\u00e4scht, f\u00e4rdigt alternativ f\u00f6r foodservice.<\/span><\/p>","protected":false},"excerpt":{"rendered":"<p>\u00a0Vibrant strawberry and cherry juice blend, perfect for smoothies, sauces, desserts, and drinks. A fresh, ready-to-use option for food service.<\/p>","protected":false},"featured_media":13752,"template":"","meta":{"_crdt_document":""},"product_brand":[],"product_cat":[169],"product_tag":[160],"class_list":{"0":"post-13015","1":"product","2":"type-product","3":"status-publish","4":"has-post-thumbnail","6":"product_cat-smoothies","7":"product_tag-food-service","9":"first","10":"instock","11":"shipping-taxable","12":"product-type-simple"},"_links":{"self":[{"href":"https:\/\/worldsgarden.eu\/sv\/wp-json\/wp\/v2\/product\/13015","targetHints":{"allow":["GET"]}}],"collection":[{"href":"https:\/\/worldsgarden.eu\/sv\/wp-json\/wp\/v2\/product"}],"about":[{"href":"https:\/\/worldsgarden.eu\/sv\/wp-json\/wp\/v2\/types\/product"}],"wp:featuredmedia":[{"embeddable":true,"href":"https:\/\/worldsgarden.eu\/sv\/wp-json\/wp\/v2\/media\/13752"}],"wp:attachment":[{"href":"https:\/\/worldsgarden.eu\/sv\/wp-json\/wp\/v2\/media?parent=13015"}],"wp:term":[{"taxonomy":"product_brand","embeddable":true,"href":"https:\/\/worldsgarden.eu\/sv\/wp-json\/wp\/v2\/product_brand?post=13015"},{"taxonomy":"product_cat","embeddable":true,"href":"https:\/\/worldsgarden.eu\/sv\/wp-json\/wp\/v2\/product_cat?post=13015"},{"taxonomy":"product_tag","embeddable":true,"href":"https:\/\/worldsgarden.eu\/sv\/wp-json\/wp\/v2\/product_tag?post=13015"}],"curies":[{"name":"wp","href":"https:\/\/api.w.org\/{rel}","templated":true}]}}