{"id":12966,"date":"2025-09-11T21:17:10","date_gmt":"2025-09-11T21:17:10","guid":{"rendered":"https:\/\/worldsgarden.eu\/?post_type=product&#038;p=12966"},"modified":"2025-09-25T01:48:42","modified_gmt":"2025-09-25T01:48:42","slug":"medjool-dates-2","status":"publish","type":"product","link":"https:\/\/worldsgarden.eu\/sv\/produkt\/medjool-dates-2\/","title":{"rendered":"Medjool dadlar"},"content":{"rendered":"<p><span style=\"font-weight: 400;\">Naturligt s\u00f6ta och sega Medjool dadlar, perfekta f\u00f6r mellanm\u00e5l, bakning och h\u00e4lsosamma godsaker. Fyllda med naturliga fibrer och n\u00e4rings\u00e4mnen, ett uts\u00f6kt val f\u00f6r konsumenter som vill ha h\u00e4lsosamma och bekv\u00e4ma snacks.<\/span><\/p>","protected":false},"excerpt":{"rendered":"<p>Naturligt s\u00f6ta och sega Medjool dadlar, perfekta f\u00f6r mellanm\u00e5l, bakning och h\u00e4lsosamma godsaker. Fyllda med naturliga fibrer och n\u00e4rings\u00e4mnen, ett uts\u00f6kt val f\u00f6r konsumenter som vill ha h\u00e4lsosamma och bekv\u00e4ma snacks.<\/p>","protected":false},"featured_media":13575,"template":"","meta":{"_crdt_document":""},"product_brand":[],"product_cat":[159],"product_tag":[156],"class_list":{"0":"post-12966","1":"product","2":"type-product","3":"status-publish","4":"has-post-thumbnail","6":"product_cat-dates","7":"product_tag-retail","9":"first","10":"instock","11":"shipping-taxable","12":"product-type-simple"},"_links":{"self":[{"href":"https:\/\/worldsgarden.eu\/sv\/wp-json\/wp\/v2\/product\/12966","targetHints":{"allow":["GET"]}}],"collection":[{"href":"https:\/\/worldsgarden.eu\/sv\/wp-json\/wp\/v2\/product"}],"about":[{"href":"https:\/\/worldsgarden.eu\/sv\/wp-json\/wp\/v2\/types\/product"}],"wp:featuredmedia":[{"embeddable":true,"href":"https:\/\/worldsgarden.eu\/sv\/wp-json\/wp\/v2\/media\/13575"}],"wp:attachment":[{"href":"https:\/\/worldsgarden.eu\/sv\/wp-json\/wp\/v2\/media?parent=12966"}],"wp:term":[{"taxonomy":"product_brand","embeddable":true,"href":"https:\/\/worldsgarden.eu\/sv\/wp-json\/wp\/v2\/product_brand?post=12966"},{"taxonomy":"product_cat","embeddable":true,"href":"https:\/\/worldsgarden.eu\/sv\/wp-json\/wp\/v2\/product_cat?post=12966"},{"taxonomy":"product_tag","embeddable":true,"href":"https:\/\/worldsgarden.eu\/sv\/wp-json\/wp\/v2\/product_tag?post=12966"}],"curies":[{"name":"wp","href":"https:\/\/api.w.org\/{rel}","templated":true}]}}