{"id":12959,"date":"2025-09-11T21:17:08","date_gmt":"2025-09-11T21:17:08","guid":{"rendered":"https:\/\/worldsgarden.eu\/?post_type=product&#038;p=12959"},"modified":"2025-10-08T13:55:09","modified_gmt":"2025-10-08T13:55:09","slug":"mango-chunks","status":"publish","type":"product","link":"https:\/\/worldsgarden.eu\/sv\/produkt\/mango-chunks\/","title":{"rendered":"Mango i bitar"},"content":{"rendered":"<p><span style=\"font-weight: 400;\">\u00a0S\u00f6t och syrlig <\/span><b>frystorkade mangobitar<\/b><span style=\"font-weight: 400;\">, perfekt f\u00f6r <\/span><b>mellanm\u00e5l, flingor, bakning eller topping<\/b><span style=\"font-weight: 400;\">. Helt naturligt med l\u00e5ng h\u00e5llbarhet, vilket h\u00e5ller den tropiska smaken intakt.<\/span><\/p>","protected":false},"excerpt":{"rendered":"<p>\u00a0Sweet and tangy freeze-dried mango chunks, perfect for snacking, cereals, baking, or toppings. All natural with long shelf life, keeping the tropical flavor intact.<\/p>","protected":false},"featured_media":13750,"template":"","meta":{"_crdt_document":""},"product_brand":[],"product_cat":[158],"product_tag":[156],"class_list":{"0":"post-12959","1":"product","2":"type-product","3":"status-publish","4":"has-post-thumbnail","6":"product_cat-freeze-dried-fruits","7":"product_tag-retail","9":"first","10":"instock","11":"shipping-taxable","12":"product-type-simple"},"_links":{"self":[{"href":"https:\/\/worldsgarden.eu\/sv\/wp-json\/wp\/v2\/product\/12959","targetHints":{"allow":["GET"]}}],"collection":[{"href":"https:\/\/worldsgarden.eu\/sv\/wp-json\/wp\/v2\/product"}],"about":[{"href":"https:\/\/worldsgarden.eu\/sv\/wp-json\/wp\/v2\/types\/product"}],"wp:featuredmedia":[{"embeddable":true,"href":"https:\/\/worldsgarden.eu\/sv\/wp-json\/wp\/v2\/media\/13750"}],"wp:attachment":[{"href":"https:\/\/worldsgarden.eu\/sv\/wp-json\/wp\/v2\/media?parent=12959"}],"wp:term":[{"taxonomy":"product_brand","embeddable":true,"href":"https:\/\/worldsgarden.eu\/sv\/wp-json\/wp\/v2\/product_brand?post=12959"},{"taxonomy":"product_cat","embeddable":true,"href":"https:\/\/worldsgarden.eu\/sv\/wp-json\/wp\/v2\/product_cat?post=12959"},{"taxonomy":"product_tag","embeddable":true,"href":"https:\/\/worldsgarden.eu\/sv\/wp-json\/wp\/v2\/product_tag?post=12959"}],"curies":[{"name":"wp","href":"https:\/\/api.w.org\/{rel}","templated":true}]}}