{"id":13898,"date":"2025-11-28T12:14:52","date_gmt":"2025-11-28T12:14:52","guid":{"rendered":"https:\/\/worldsgarden.eu\/?post_type=product&#038;p=13898"},"modified":"2025-11-28T12:17:00","modified_gmt":"2025-11-28T12:17:00","slug":"banana-red-fruits-red-grape-acai","status":"publish","type":"product","link":"https:\/\/worldsgarden.eu\/pt\/produto\/banana-red-fruits-red-grape-acai\/","title":{"rendered":"Banana + Red Fruits + Red Grape + A\u00e7a\u00ed"},"content":{"rendered":"<p> A delicious mix of banana, red fruits, red grape, and a\u00e7a\u00ed. Ideal for antioxidant-rich smoothies with a bold, fruity flavor.<\/p>","protected":false},"excerpt":{"rendered":"<p>A delicious mix of banana, red fruits, red grape, and a\u00e7a\u00ed. Ideal for antioxidant-rich smoothies with a bold, fruity flavor.<\/p>","protected":false},"featured_media":13900,"template":"","meta":{"_crdt_document":""},"product_brand":[],"product_cat":[169],"product_tag":[160],"class_list":{"0":"post-13898","1":"product","2":"type-product","3":"status-publish","4":"has-post-thumbnail","6":"product_cat-smoothies","7":"product_tag-food-service","9":"first","10":"instock","11":"shipping-taxable","12":"product-type-simple"},"_links":{"self":[{"href":"https:\/\/worldsgarden.eu\/pt\/wp-json\/wp\/v2\/product\/13898","targetHints":{"allow":["GET"]}}],"collection":[{"href":"https:\/\/worldsgarden.eu\/pt\/wp-json\/wp\/v2\/product"}],"about":[{"href":"https:\/\/worldsgarden.eu\/pt\/wp-json\/wp\/v2\/types\/product"}],"wp:featuredmedia":[{"embeddable":true,"href":"https:\/\/worldsgarden.eu\/pt\/wp-json\/wp\/v2\/media\/13900"}],"wp:attachment":[{"href":"https:\/\/worldsgarden.eu\/pt\/wp-json\/wp\/v2\/media?parent=13898"}],"wp:term":[{"taxonomy":"product_brand","embeddable":true,"href":"https:\/\/worldsgarden.eu\/pt\/wp-json\/wp\/v2\/product_brand?post=13898"},{"taxonomy":"product_cat","embeddable":true,"href":"https:\/\/worldsgarden.eu\/pt\/wp-json\/wp\/v2\/product_cat?post=13898"},{"taxonomy":"product_tag","embeddable":true,"href":"https:\/\/worldsgarden.eu\/pt\/wp-json\/wp\/v2\/product_tag?post=13898"}],"curies":[{"name":"wp","href":"https:\/\/api.w.org\/{rel}","templated":true}]}}