{"id":13018,"date":"2025-09-11T21:26:43","date_gmt":"2025-09-11T21:26:43","guid":{"rendered":"https:\/\/worldsgarden.eu\/?post_type=product&#038;p=13018"},"modified":"2025-09-25T01:47:19","modified_gmt":"2025-09-25T01:47:19","slug":"salmon-dices","status":"publish","type":"product","link":"https:\/\/worldsgarden.eu\/pt\/produto\/salmon-dices\/","title":{"rendered":"Salm\u00e3o em cubos"},"content":{"rendered":"<p><span style=\"font-weight: 400;\">\u00a0Pr\u00e9mio <\/span><b>cubos de salm\u00e3o<\/b><span style=\"font-weight: 400;\">perfeito para <\/span><b>tigelas de poke, saladas, sushi e cria\u00e7\u00f5es culin\u00e1rias<\/b><span style=\"font-weight: 400;\">. Fresco, pronto a usar e de qualidade consistente para cozinhas profissionais.<\/span><\/p>","protected":false},"excerpt":{"rendered":"<p>\u00a0Premium salmon dices, perfect for poke bowls, salads, sushi, and culinary creations. Fresh, ready-to-use, and consistent in quality for professional kitchens.<\/p>","protected":false},"featured_media":13059,"template":"","meta":{"_crdt_document":""},"product_brand":[],"product_cat":[170],"product_tag":[160],"class_list":{"0":"post-13018","1":"product","2":"type-product","3":"status-publish","4":"has-post-thumbnail","6":"product_cat-salmon","7":"product_tag-food-service","9":"first","10":"instock","11":"shipping-taxable","12":"product-type-simple"},"_links":{"self":[{"href":"https:\/\/worldsgarden.eu\/pt\/wp-json\/wp\/v2\/product\/13018","targetHints":{"allow":["GET"]}}],"collection":[{"href":"https:\/\/worldsgarden.eu\/pt\/wp-json\/wp\/v2\/product"}],"about":[{"href":"https:\/\/worldsgarden.eu\/pt\/wp-json\/wp\/v2\/types\/product"}],"wp:featuredmedia":[{"embeddable":true,"href":"https:\/\/worldsgarden.eu\/pt\/wp-json\/wp\/v2\/media\/13059"}],"wp:attachment":[{"href":"https:\/\/worldsgarden.eu\/pt\/wp-json\/wp\/v2\/media?parent=13018"}],"wp:term":[{"taxonomy":"product_brand","embeddable":true,"href":"https:\/\/worldsgarden.eu\/pt\/wp-json\/wp\/v2\/product_brand?post=13018"},{"taxonomy":"product_cat","embeddable":true,"href":"https:\/\/worldsgarden.eu\/pt\/wp-json\/wp\/v2\/product_cat?post=13018"},{"taxonomy":"product_tag","embeddable":true,"href":"https:\/\/worldsgarden.eu\/pt\/wp-json\/wp\/v2\/product_tag?post=13018"}],"curies":[{"name":"wp","href":"https:\/\/api.w.org\/{rel}","templated":true}]}}