{"id":13015,"date":"2025-09-11T21:26:41","date_gmt":"2025-09-11T21:26:41","guid":{"rendered":"https:\/\/worldsgarden.eu\/?post_type=product&#038;p=13015"},"modified":"2025-10-08T13:59:43","modified_gmt":"2025-10-08T13:59:43","slug":"strawberry-cherry","status":"publish","type":"product","link":"https:\/\/worldsgarden.eu\/pt\/produto\/strawberry-cherry\/","title":{"rendered":"Morango Cereja"},"content":{"rendered":"<p><span style=\"font-weight: 400;\">\u00a0Vibrante <\/span><b>mistura de sumo de morango e cereja<\/b><span style=\"font-weight: 400;\">perfeito para <\/span><b>batidos, molhos, sobremesas e bebidas<\/b><span style=\"font-weight: 400;\">. Uma op\u00e7\u00e3o fresca e pronta a utilizar para o servi\u00e7o alimentar.<\/span><\/p>","protected":false},"excerpt":{"rendered":"<p>\u00a0Vibrant strawberry and cherry juice blend, perfect for smoothies, sauces, desserts, and drinks. A fresh, ready-to-use option for food service.<\/p>","protected":false},"featured_media":13752,"template":"","meta":{"_crdt_document":""},"product_brand":[],"product_cat":[169],"product_tag":[160],"class_list":{"0":"post-13015","1":"product","2":"type-product","3":"status-publish","4":"has-post-thumbnail","6":"product_cat-smoothies","7":"product_tag-food-service","9":"first","10":"instock","11":"shipping-taxable","12":"product-type-simple"},"_links":{"self":[{"href":"https:\/\/worldsgarden.eu\/pt\/wp-json\/wp\/v2\/product\/13015","targetHints":{"allow":["GET"]}}],"collection":[{"href":"https:\/\/worldsgarden.eu\/pt\/wp-json\/wp\/v2\/product"}],"about":[{"href":"https:\/\/worldsgarden.eu\/pt\/wp-json\/wp\/v2\/types\/product"}],"wp:featuredmedia":[{"embeddable":true,"href":"https:\/\/worldsgarden.eu\/pt\/wp-json\/wp\/v2\/media\/13752"}],"wp:attachment":[{"href":"https:\/\/worldsgarden.eu\/pt\/wp-json\/wp\/v2\/media?parent=13015"}],"wp:term":[{"taxonomy":"product_brand","embeddable":true,"href":"https:\/\/worldsgarden.eu\/pt\/wp-json\/wp\/v2\/product_brand?post=13015"},{"taxonomy":"product_cat","embeddable":true,"href":"https:\/\/worldsgarden.eu\/pt\/wp-json\/wp\/v2\/product_cat?post=13015"},{"taxonomy":"product_tag","embeddable":true,"href":"https:\/\/worldsgarden.eu\/pt\/wp-json\/wp\/v2\/product_tag?post=13015"}],"curies":[{"name":"wp","href":"https:\/\/api.w.org\/{rel}","templated":true}]}}