{"id":13014,"date":"2025-09-11T21:26:41","date_gmt":"2025-09-11T21:26:41","guid":{"rendered":"https:\/\/worldsgarden.eu\/?post_type=product&#038;p=13014"},"modified":"2025-10-08T14:00:12","modified_gmt":"2025-10-08T14:00:12","slug":"cucumber-kiwi-and-lime","status":"publish","type":"product","link":"https:\/\/worldsgarden.eu\/pt\/produto\/cucumber-kiwi-and-lime\/","title":{"rendered":"Pepino, kiwi e lima"},"content":{"rendered":"<p><span style=\"font-weight: 400;\">\u00a0Refrescante <\/span><b>mistura de pepino, kiwi e sumo de lima<\/b><span style=\"font-weight: 400;\">perfeito para <\/span><b>smoothies, cocktails e cria\u00e7\u00f5es culin\u00e1rias<\/b><span style=\"font-weight: 400;\">. Naturalmente saboroso e pronto a ser utilizado em cozinhas profissionais.<\/span><\/p>","protected":false},"excerpt":{"rendered":"<p>\u00a0Refreshing cucumber, kiwi, and lime juice blend, perfect for smoothies, cocktails, and culinary creations. Naturally flavorful and ready to use in professional kitchens.<\/p>","protected":false},"featured_media":13753,"template":"","meta":{"_crdt_document":""},"product_brand":[],"product_cat":[169],"product_tag":[160],"class_list":{"0":"post-13014","1":"product","2":"type-product","3":"status-publish","4":"has-post-thumbnail","6":"product_cat-smoothies","7":"product_tag-food-service","9":"first","10":"instock","11":"shipping-taxable","12":"product-type-simple"},"_links":{"self":[{"href":"https:\/\/worldsgarden.eu\/pt\/wp-json\/wp\/v2\/product\/13014","targetHints":{"allow":["GET"]}}],"collection":[{"href":"https:\/\/worldsgarden.eu\/pt\/wp-json\/wp\/v2\/product"}],"about":[{"href":"https:\/\/worldsgarden.eu\/pt\/wp-json\/wp\/v2\/types\/product"}],"wp:featuredmedia":[{"embeddable":true,"href":"https:\/\/worldsgarden.eu\/pt\/wp-json\/wp\/v2\/media\/13753"}],"wp:attachment":[{"href":"https:\/\/worldsgarden.eu\/pt\/wp-json\/wp\/v2\/media?parent=13014"}],"wp:term":[{"taxonomy":"product_brand","embeddable":true,"href":"https:\/\/worldsgarden.eu\/pt\/wp-json\/wp\/v2\/product_brand?post=13014"},{"taxonomy":"product_cat","embeddable":true,"href":"https:\/\/worldsgarden.eu\/pt\/wp-json\/wp\/v2\/product_cat?post=13014"},{"taxonomy":"product_tag","embeddable":true,"href":"https:\/\/worldsgarden.eu\/pt\/wp-json\/wp\/v2\/product_tag?post=13014"}],"curies":[{"name":"wp","href":"https:\/\/api.w.org\/{rel}","templated":true}]}}