{"id":12996,"date":"2025-09-11T21:26:36","date_gmt":"2025-09-11T21:26:36","guid":{"rendered":"https:\/\/worldsgarden.eu\/?post_type=product&#038;p=12996"},"modified":"2025-12-29T13:27:36","modified_gmt":"2025-12-29T13:27:36","slug":"asian-fusion-mayo","status":"publish","type":"product","link":"https:\/\/worldsgarden.eu\/pt\/produto\/asian-fusion-mayo\/","title":{"rendered":"Fus\u00e3o asi\u00e1tica Mayo"},"content":{"rendered":"<p><b>\u00a0<\/b><span style=\"font-weight: 400;\">Mayo de fus\u00e3o asi\u00e1tica cremosa e saborosa, perfeita para sandu\u00edches, wraps e pratos gourmet. D\u00e1 um toque \u00fanico \u00e0s receitas profissionais.<\/span><\/p>","protected":false},"excerpt":{"rendered":"<p>\u00a0Mayo de fus\u00e3o asi\u00e1tica cremosa e saborosa, perfeita para sandu\u00edches, wraps e pratos gourmet. D\u00e1 um toque \u00fanico \u00e0s receitas profissionais.<\/p>","protected":false},"featured_media":13028,"template":"","meta":{"_crdt_document":""},"product_brand":[],"product_cat":[164],"product_tag":[160],"class_list":{"0":"post-12996","1":"product","2":"type-product","3":"status-publish","4":"has-post-thumbnail","6":"product_cat-mayonnaise-sauces","7":"product_tag-food-service","9":"first","10":"instock","11":"shipping-taxable","12":"product-type-simple"},"_links":{"self":[{"href":"https:\/\/worldsgarden.eu\/pt\/wp-json\/wp\/v2\/product\/12996","targetHints":{"allow":["GET"]}}],"collection":[{"href":"https:\/\/worldsgarden.eu\/pt\/wp-json\/wp\/v2\/product"}],"about":[{"href":"https:\/\/worldsgarden.eu\/pt\/wp-json\/wp\/v2\/types\/product"}],"wp:featuredmedia":[{"embeddable":true,"href":"https:\/\/worldsgarden.eu\/pt\/wp-json\/wp\/v2\/media\/13028"}],"wp:attachment":[{"href":"https:\/\/worldsgarden.eu\/pt\/wp-json\/wp\/v2\/media?parent=12996"}],"wp:term":[{"taxonomy":"product_brand","embeddable":true,"href":"https:\/\/worldsgarden.eu\/pt\/wp-json\/wp\/v2\/product_brand?post=12996"},{"taxonomy":"product_cat","embeddable":true,"href":"https:\/\/worldsgarden.eu\/pt\/wp-json\/wp\/v2\/product_cat?post=12996"},{"taxonomy":"product_tag","embeddable":true,"href":"https:\/\/worldsgarden.eu\/pt\/wp-json\/wp\/v2\/product_tag?post=12996"}],"curies":[{"name":"wp","href":"https:\/\/api.w.org\/{rel}","templated":true}]}}