{"id":13019,"date":"2025-09-11T21:26:43","date_gmt":"2025-09-11T21:26:43","guid":{"rendered":"https:\/\/worldsgarden.eu\/?post_type=product&#038;p=13019"},"modified":"2025-09-25T01:47:25","modified_gmt":"2025-09-25T01:47:25","slug":"salmon-fillet","status":"publish","type":"product","link":"https:\/\/worldsgarden.eu\/pl\/produkt\/salmon-fillet\/","title":{"rendered":"Filet z \u0142ososia"},"content":{"rendered":"<p><span style=\"font-weight: 400;\">\u00a0Wysoka jako\u015b\u0107 <\/span><b>filety z \u0142ososia<\/b><span style=\"font-weight: 400;\">idealny dla <\/span><b>grillowanie, pieczenie lub sma\u017cenie na patelni<\/b><span style=\"font-weight: 400;\">. \u015awie\u017ce i starannie przetwarzane w celu zachowania smaku, tekstury i sk\u0142adnik\u00f3w od\u017cywczych.<\/span><\/p>","protected":false},"excerpt":{"rendered":"<p>\u00a0High-quality salmon fillets, ideal for grilling, baking, or pan-searing. Fresh and carefully handled to maintain flavor, texture, and nutrients.<\/p>","protected":false},"featured_media":13060,"template":"","meta":{"_crdt_document":""},"product_brand":[],"product_cat":[170],"product_tag":[160],"class_list":{"0":"post-13019","1":"product","2":"type-product","3":"status-publish","4":"has-post-thumbnail","6":"product_cat-salmon","7":"product_tag-food-service","9":"first","10":"instock","11":"shipping-taxable","12":"product-type-simple"},"_links":{"self":[{"href":"https:\/\/worldsgarden.eu\/pl\/wp-json\/wp\/v2\/product\/13019","targetHints":{"allow":["GET"]}}],"collection":[{"href":"https:\/\/worldsgarden.eu\/pl\/wp-json\/wp\/v2\/product"}],"about":[{"href":"https:\/\/worldsgarden.eu\/pl\/wp-json\/wp\/v2\/types\/product"}],"wp:featuredmedia":[{"embeddable":true,"href":"https:\/\/worldsgarden.eu\/pl\/wp-json\/wp\/v2\/media\/13060"}],"wp:attachment":[{"href":"https:\/\/worldsgarden.eu\/pl\/wp-json\/wp\/v2\/media?parent=13019"}],"wp:term":[{"taxonomy":"product_brand","embeddable":true,"href":"https:\/\/worldsgarden.eu\/pl\/wp-json\/wp\/v2\/product_brand?post=13019"},{"taxonomy":"product_cat","embeddable":true,"href":"https:\/\/worldsgarden.eu\/pl\/wp-json\/wp\/v2\/product_cat?post=13019"},{"taxonomy":"product_tag","embeddable":true,"href":"https:\/\/worldsgarden.eu\/pl\/wp-json\/wp\/v2\/product_tag?post=13019"}],"curies":[{"name":"wp","href":"https:\/\/api.w.org\/{rel}","templated":true}]}}