{"id":13011,"date":"2025-09-11T21:26:41","date_gmt":"2025-09-11T21:26:41","guid":{"rendered":"https:\/\/worldsgarden.eu\/?post_type=product&#038;p=13011"},"modified":"2025-09-25T01:40:56","modified_gmt":"2025-09-25T01:40:56","slug":"frozen-blueberries","status":"publish","type":"product","link":"https:\/\/worldsgarden.eu\/pl\/produkt\/frozen-blueberries\/","title":{"rendered":"Mro\u017cone jagody"},"content":{"rendered":"<p><span style=\"font-weight: 400;\">\u00a0Soczysty <\/span><b>mro\u017cone jagody<\/b><span style=\"font-weight: 400;\">idealny dla <\/span><b>wypieki, koktajle, desery i dania \u015bniadaniowe<\/b><span style=\"font-weight: 400;\">. Zachowuje smak, konsystencj\u0119 i sk\u0142adniki od\u017cywcze.<\/span><\/p>","protected":false},"excerpt":{"rendered":"<p>\u00a0Juicy frozen blueberries, ideal for baking, smoothies, desserts, and breakfast dishes. Maintains flavor, texture, and nutrients.<\/p>","protected":false},"featured_media":13225,"template":"","meta":{"_crdt_document":""},"product_brand":[],"product_cat":[168],"product_tag":[160],"class_list":{"0":"post-13011","1":"product","2":"type-product","3":"status-publish","4":"has-post-thumbnail","6":"product_cat-frozen-fruits","7":"product_tag-food-service","9":"first","10":"instock","11":"shipping-taxable","12":"product-type-simple"},"_links":{"self":[{"href":"https:\/\/worldsgarden.eu\/pl\/wp-json\/wp\/v2\/product\/13011","targetHints":{"allow":["GET"]}}],"collection":[{"href":"https:\/\/worldsgarden.eu\/pl\/wp-json\/wp\/v2\/product"}],"about":[{"href":"https:\/\/worldsgarden.eu\/pl\/wp-json\/wp\/v2\/types\/product"}],"wp:featuredmedia":[{"embeddable":true,"href":"https:\/\/worldsgarden.eu\/pl\/wp-json\/wp\/v2\/media\/13225"}],"wp:attachment":[{"href":"https:\/\/worldsgarden.eu\/pl\/wp-json\/wp\/v2\/media?parent=13011"}],"wp:term":[{"taxonomy":"product_brand","embeddable":true,"href":"https:\/\/worldsgarden.eu\/pl\/wp-json\/wp\/v2\/product_brand?post=13011"},{"taxonomy":"product_cat","embeddable":true,"href":"https:\/\/worldsgarden.eu\/pl\/wp-json\/wp\/v2\/product_cat?post=13011"},{"taxonomy":"product_tag","embeddable":true,"href":"https:\/\/worldsgarden.eu\/pl\/wp-json\/wp\/v2\/product_tag?post=13011"}],"curies":[{"name":"wp","href":"https:\/\/api.w.org\/{rel}","templated":true}]}}