{"id":13126,"date":"2025-09-14T13:13:55","date_gmt":"2025-09-14T13:13:55","guid":{"rendered":"https:\/\/worldsgarden.eu\/?page_id=13126"},"modified":"2025-10-01T10:16:48","modified_gmt":"2025-10-01T10:16:48","slug":"retail","status":"publish","type":"page","link":"https:\/\/worldsgarden.eu\/pl\/retail\/","title":{"rendered":"Sprzeda\u017c detaliczna"},"content":{"rendered":"<div data-elementor-type=\"wp-page\" data-elementor-id=\"13126\" class=\"elementor elementor-13126\" data-elementor-post-type=\"page\">\n\t\t\t\t<div class=\"elementor-element elementor-element-919931c e-flex e-con-boxed e-con e-parent\" data-id=\"919931c\" data-element_type=\"container\" data-e-type=\"container\">\n\t\t\t\t\t<div class=\"e-con-inner\">\n\t\t\t\t<div class=\"elementor-element elementor-element-a513b98 elementor-widget elementor-widget-heading\" data-id=\"a513b98\" data-element_type=\"widget\" data-e-type=\"widget\" data-widget_type=\"heading.default\">\n\t\t\t\t\t<h2 class=\"elementor-heading-title elementor-size-default\">Sprawd\u017a nasze rozwi\u0105zania dla handlu detalicznego<\/h2>\t\t\t\t<\/div>\n\t\t\t\t<div class=\"elementor-element elementor-element-a5c9442 elementor-widget elementor-widget-text-editor\" data-id=\"a5c9442\" data-element_type=\"widget\" data-e-type=\"widget\" data-widget_type=\"text-editor.default\">\n\t\t\t\t\t\t\t\t\t<p>Kompletne wyposa\u017cenie i materia\u0142y eksploatacyjne usprawniaj\u0105ce dzia\u0142alno\u015b\u0107 w handlu detalicznym.<\/p>\t\t\t\t\t\t\t\t<\/div>\n\t\t\t\t<div class=\"elementor-element elementor-element-9d0245f elementor-widget elementor-widget-shortcode\" data-id=\"9d0245f\" data-element_type=\"widget\" data-e-type=\"widget\" data-widget_type=\"shortcode.default\">\n\t\t\t\t\t\t\t<div class=\"elementor-shortcode\"><style>\n        .categories-grid-container {\n            max-width: 1400px;\n            margin: 0 auto;\n            padding: 20px;\n        }\n        \n        .categories-grid {\n            display: grid;\n            grid-template-columns: repeat(4, 1fr);\n            gap: 30px 20px;\n            margin: 0;\n            padding: 0;\n        }\n        \n        .category-card {\n            background: #ffffff;\n            border-radius: 12px;\n            overflow: hidden;\n            box-shadow: 0 4px 15px rgba(152, 163, 79, 0.1);\n            transition: all 0.3s ease;\n            border: 2px solid transparent;\n            position: relative;\n        }\n        \n        .category-card:hover {\n            transform: translateY(-5px);\n            box-shadow: 0 8px 30px rgba(152, 163, 79, 0.2);\n            border-color: #98A34F;\n        }\n        \n        .category-image {\n            width: 100%;\n            height: 280px;\n            overflow: hidden;\n            \/\/ background: linear-gradient(135deg, #E6DAB1 0%, #F5F0E5 100%);\n            position: relative;\n        }\n        \n        .category-image img {\n            width: 100%;\n            height: 100%;\n            object-fit: contain;\n            transition: transform 0.3s ease;\n        }\n        \n        .category-card:hover .category-image img {\n            transform: scale(1.05);\n        }\n        \n        .category-image .placeholder {\n            display: flex;\n            align-items: center;\n            justify-content: center;\n            height: 100%;\n            font-size: 48px;\n            color: #98A34F;\n            background: linear-gradient(135deg, #E6DAB1 0%, #F5F0E5 100%);\n        }\n        \n        .category-info {\n            padding: 18px;\n        }\n        \n        .category-name {\n            font-size: 18px;\n            font-weight: 600;\n            color: #2c2c2c;\n            margin: 0 0 10px 0;\n            line-height: 1.3;\n        }\n        \n        .category-count {\n            display: inline-flex;\n            align-items: center;\n            background: #98A34F;\n            color: white;\n            padding: 8px 16px;\n            border-radius: 18px;\n            font-size: 13px;\n            font-weight: 500;\n            margin-bottom: 12px;\n            margin-right: 12px;\n        }\n        \n        .category-count:before {\n            content: \"\ud83d\udecd\ufe0f\";\n            margin-right: 6px;\n        }\n        \n        .category-link {\n            text-decoration: none;\n            color: inherit;\n            display: block;\n        }\n        \n        .category-link:hover {\n            text-decoration: none;\n        }\n        \n        .view-products-btn {\n            display: inline-flex;\n            align-items: center;\n            background: linear-gradient(135deg, #98A34F 0%, #A8B35F 100%);\n            color: white;\n            padding: 8px 16px;\n            border-radius: 20px;\n            font-size: 13px;\n            font-weight: 500;\n            text-decoration: none;\n            transition: all 0.3s ease;\n            border: none;\n            cursor: pointer;\n        }\n        \n        .view-products-btn:hover {\n            background: linear-gradient(135deg, #A8B35F 0%, #98A34F 100%);\n            transform: translateY(-2px);\n            box-shadow: 0 4px 15px rgba(152, 163, 79, 0.3);\n            color: white;\n            text-decoration: none;\n        }\n        \n        .view-products-btn:after {\n            content: \"\u2192\";\n            margin-left: 6px;\n            transition: transform 0.3s ease;\n        }\n        \n        .view-products-btn:hover:after {\n            transform: translateX(3px);\n        }\n        \n        \/* Tablet view - 2 columns *\/\n        @media (max-width: 1024px) {\n            .categories-grid {\n                grid-template-columns: repeat(2, 1fr);\n                gap: 25px 15px;\n            }\n            \n            .categories-grid-container {\n                max-width: 800px;\n            }\n            \n            .category-image {\n                height: 320px;\n            }\n        }\n        \n        \/* Mobile view - 1 column *\/\n        @media (max-width: 768px) {\n            .categories-grid {\n                grid-template-columns: 1fr;\n                gap: 20px;\n            }\n            \n            .categories-grid-container {\n                padding: 15px;\n            }\n            \n            .category-image {\n                height: 250px;\n            }\n            \n            .category-info {\n                padding: 16px;\n            }\n            \n            .category-name {\n                font-size: 18px;\n            }\n        }\n        \n        @media (max-width: 480px) {\n            .category-image {\n                height: 200px;\n            }\n            \n            .category-info {\n                padding: 15px;\n            }\n            \n            .category-name {\n                font-size: 17px;\n            }\n        }\n    <\/style><div class=\"categories-grid-container\"><div class=\"categories-grid\"><div class=\"category-card\"><a href=\"https:\/\/worldsgarden.eu\/pl\/kategoria-produktu\/dates\/\" class=\"category-link\"><div class=\"category-image\"><img fetchpriority=\"high\" decoding=\"async\" width=\"300\" height=\"300\" src=\"https:\/\/worldsgarden.eu\/wp-content\/uploads\/2025\/10\/100-10-1-300x300.png?crop=1\" class=\"attachment-medium size-medium\" alt=\"Dates\" srcset=\"https:\/\/worldsgarden.eu\/wp-content\/uploads\/2025\/10\/100-10-1-300x300.png?crop=1 300w, https:\/\/worldsgarden.eu\/wp-content\/uploads\/2025\/10\/100-10-1-1024x1024.png 1024w, https:\/\/worldsgarden.eu\/wp-content\/uploads\/2025\/10\/100-10-1-150x150.png?crop=1 150w, https:\/\/worldsgarden.eu\/wp-content\/uploads\/2025\/10\/100-10-1-768x768.png 768w, https:\/\/worldsgarden.eu\/wp-content\/uploads\/2025\/10\/100-10-1-1536x1536.png 1536w, https:\/\/worldsgarden.eu\/wp-content\/uploads\/2025\/10\/100-10-1-2048x2048.png 2048w, https:\/\/worldsgarden.eu\/wp-content\/uploads\/2025\/10\/100-10-1-650x650.png?crop=1 650w, https:\/\/worldsgarden.eu\/wp-content\/uploads\/2025\/10\/100-10-1-1300x1300.png?crop=1 1300w, https:\/\/worldsgarden.eu\/wp-content\/uploads\/2025\/10\/100-10-1-600x600.png?crop=1 600w, https:\/\/worldsgarden.eu\/wp-content\/uploads\/2025\/10\/100-10-1-100x100.png?crop=1 100w\" sizes=\"(max-width: 300px) 100vw, 300px\" \/><\/div><div class=\"category-info\"><h3 class=\"category-name\">Daty<\/h3><span class=\"view-products-btn\">Wy\u015bwietl produkty<\/span><\/div><\/a><\/div><div class=\"category-card\"><a href=\"https:\/\/worldsgarden.eu\/pl\/kategoria-produktu\/freeze-dried-fruits\/\" class=\"category-link\"><div class=\"category-image\"><img decoding=\"async\" width=\"300\" height=\"300\" src=\"https:\/\/worldsgarden.eu\/wp-content\/uploads\/2025\/09\/mango-chunks-11-300x300.png?crop=1\" class=\"attachment-medium size-medium\" alt=\"Freeze-Dried Fruits\" srcset=\"https:\/\/worldsgarden.eu\/wp-content\/uploads\/2025\/09\/mango-chunks-11-300x300.png?crop=1 300w, https:\/\/worldsgarden.eu\/wp-content\/uploads\/2025\/09\/mango-chunks-11-1024x1024.png 1024w, https:\/\/worldsgarden.eu\/wp-content\/uploads\/2025\/09\/mango-chunks-11-150x150.png?crop=1 150w, https:\/\/worldsgarden.eu\/wp-content\/uploads\/2025\/09\/mango-chunks-11-768x768.png 768w, https:\/\/worldsgarden.eu\/wp-content\/uploads\/2025\/09\/mango-chunks-11-1536x1536.png 1536w, https:\/\/worldsgarden.eu\/wp-content\/uploads\/2025\/09\/mango-chunks-11-2048x2048.png 2048w, https:\/\/worldsgarden.eu\/wp-content\/uploads\/2025\/09\/mango-chunks-11-650x650.png?crop=1 650w, https:\/\/worldsgarden.eu\/wp-content\/uploads\/2025\/09\/mango-chunks-11-1300x1300.png?crop=1 1300w, https:\/\/worldsgarden.eu\/wp-content\/uploads\/2025\/09\/mango-chunks-11-600x600.png?crop=1 600w, https:\/\/worldsgarden.eu\/wp-content\/uploads\/2025\/09\/mango-chunks-11-100x100.png?crop=1 100w\" sizes=\"(max-width: 300px) 100vw, 300px\" \/><\/div><div class=\"category-info\"><h3 class=\"category-name\">Liofilizowane owoce<\/h3><span class=\"view-products-btn\">Wy\u015bwietl produkty<\/span><\/div><\/a><\/div><div class=\"category-card\"><a href=\"https:\/\/worldsgarden.eu\/pl\/kategoria-produktu\/fruit-snacks\/\" class=\"category-link\"><div class=\"category-image\"><img decoding=\"async\" width=\"300\" height=\"300\" src=\"https:\/\/worldsgarden.eu\/wp-content\/uploads\/2025\/09\/fruite-snacks-03-300x300.png?crop=1\" class=\"attachment-medium size-medium\" alt=\"Fruit Snacks\" srcset=\"https:\/\/worldsgarden.eu\/wp-content\/uploads\/2025\/09\/fruite-snacks-03-300x300.png?crop=1 300w, https:\/\/worldsgarden.eu\/wp-content\/uploads\/2025\/09\/fruite-snacks-03-1024x1024.png 1024w, https:\/\/worldsgarden.eu\/wp-content\/uploads\/2025\/09\/fruite-snacks-03-150x150.png?crop=1 150w, https:\/\/worldsgarden.eu\/wp-content\/uploads\/2025\/09\/fruite-snacks-03-768x768.png 768w, https:\/\/worldsgarden.eu\/wp-content\/uploads\/2025\/09\/fruite-snacks-03-1536x1536.png 1536w, https:\/\/worldsgarden.eu\/wp-content\/uploads\/2025\/09\/fruite-snacks-03-2048x2048.png 2048w, https:\/\/worldsgarden.eu\/wp-content\/uploads\/2025\/09\/fruite-snacks-03-650x650.png?crop=1 650w, https:\/\/worldsgarden.eu\/wp-content\/uploads\/2025\/09\/fruite-snacks-03-1300x1300.png?crop=1 1300w, https:\/\/worldsgarden.eu\/wp-content\/uploads\/2025\/09\/fruite-snacks-03-600x600.png?crop=1 600w, https:\/\/worldsgarden.eu\/wp-content\/uploads\/2025\/09\/fruite-snacks-03-100x100.png?crop=1 100w\" sizes=\"(max-width: 300px) 100vw, 300px\" \/><\/div><div class=\"category-info\"><h3 class=\"category-name\">Owocowe przek\u0105ski<\/h3><span class=\"view-products-btn\">Wy\u015bwietl produkty<\/span><\/div><\/a><\/div><div class=\"category-card\"><a href=\"https:\/\/worldsgarden.eu\/pl\/kategoria-produktu\/retail-avocado-products\/\" class=\"category-link\"><div class=\"category-image\"><img loading=\"lazy\" decoding=\"async\" width=\"300\" height=\"300\" src=\"https:\/\/worldsgarden.eu\/wp-content\/uploads\/2025\/09\/product-part1Plan-de-travail-1-copie-4-compressed-300x300.jpg\" class=\"attachment-medium size-medium\" alt=\"Retail Avocado Products\" srcset=\"https:\/\/worldsgarden.eu\/wp-content\/uploads\/2025\/09\/product-part1Plan-de-travail-1-copie-4-compressed-300x300.jpg 300w, https:\/\/worldsgarden.eu\/wp-content\/uploads\/2025\/09\/product-part1Plan-de-travail-1-copie-4-compressed-1024x1024.jpg 1024w, https:\/\/worldsgarden.eu\/wp-content\/uploads\/2025\/09\/product-part1Plan-de-travail-1-copie-4-compressed-150x150.jpg 150w, https:\/\/worldsgarden.eu\/wp-content\/uploads\/2025\/09\/product-part1Plan-de-travail-1-copie-4-compressed-768x768.jpg 768w, https:\/\/worldsgarden.eu\/wp-content\/uploads\/2025\/09\/product-part1Plan-de-travail-1-copie-4-compressed-1536x1536.jpg 1536w, https:\/\/worldsgarden.eu\/wp-content\/uploads\/2025\/09\/product-part1Plan-de-travail-1-copie-4-compressed-650x650.jpg 650w, https:\/\/worldsgarden.eu\/wp-content\/uploads\/2025\/09\/product-part1Plan-de-travail-1-copie-4-compressed-1300x1300.jpg 1300w, https:\/\/worldsgarden.eu\/wp-content\/uploads\/2025\/09\/product-part1Plan-de-travail-1-copie-4-compressed-600x600.jpg 600w, https:\/\/worldsgarden.eu\/wp-content\/uploads\/2025\/09\/product-part1Plan-de-travail-1-copie-4-compressed-100x100.jpg 100w, https:\/\/worldsgarden.eu\/wp-content\/uploads\/2025\/09\/product-part1Plan-de-travail-1-copie-4-compressed.jpg 1801w\" sizes=\"(max-width: 300px) 100vw, 300px\" \/><\/div><div class=\"category-info\"><h3 class=\"category-name\">Sprzeda\u017c detaliczna produkt\u00f3w z awokado<\/h3><span class=\"view-products-btn\">Wy\u015bwietl produkty<\/span><\/div><\/a><\/div><\/div><\/div><\/div>\n\t\t\t\t\t\t<\/div>\n\t\t\t\t\t<\/div>\n\t\t\t\t<\/div>\n\t\t\t\t<\/div>","protected":false},"excerpt":{"rendered":"<p>Check Our Retail Solutions Complete equipment and supplies to enhance your retail business operations.<\/p>","protected":false},"author":1,"featured_media":0,"parent":0,"menu_order":0,"comment_status":"closed","ping_status":"closed","template":"","meta":{"_crdt_document":"","footnotes":""},"class_list":["post-13126","page","type-page","status-publish","hentry"],"jetpack_shortlink":"https:\/\/wp.me\/P9xfMq-3pI","_links":{"self":[{"href":"https:\/\/worldsgarden.eu\/pl\/wp-json\/wp\/v2\/pages\/13126","targetHints":{"allow":["GET"]}}],"collection":[{"href":"https:\/\/worldsgarden.eu\/pl\/wp-json\/wp\/v2\/pages"}],"about":[{"href":"https:\/\/worldsgarden.eu\/pl\/wp-json\/wp\/v2\/types\/page"}],"author":[{"embeddable":true,"href":"https:\/\/worldsgarden.eu\/pl\/wp-json\/wp\/v2\/users\/1"}],"replies":[{"embeddable":true,"href":"https:\/\/worldsgarden.eu\/pl\/wp-json\/wp\/v2\/comments?post=13126"}],"version-history":[{"count":36,"href":"https:\/\/worldsgarden.eu\/pl\/wp-json\/wp\/v2\/pages\/13126\/revisions"}],"predecessor-version":[{"id":13718,"href":"https:\/\/worldsgarden.eu\/pl\/wp-json\/wp\/v2\/pages\/13126\/revisions\/13718"}],"wp:attachment":[{"href":"https:\/\/worldsgarden.eu\/pl\/wp-json\/wp\/v2\/media?parent=13126"}],"curies":[{"name":"wp","href":"https:\/\/api.w.org\/{rel}","templated":true}]}}