{"id":13002,"date":"2025-09-11T21:26:38","date_gmt":"2025-09-11T21:26:38","guid":{"rendered":"https:\/\/worldsgarden.eu\/?post_type=product&#038;p=13002"},"modified":"2025-09-25T01:43:33","modified_gmt":"2025-09-25T01:43:33","slug":"green-tomatillo","status":"publish","type":"product","link":"https:\/\/worldsgarden.eu\/fr\/produit\/green-tomatillo\/","title":{"rendered":"Tomate verte"},"content":{"rendered":"<p><span style=\"font-weight: 400;\">\u00a0Tomatillo vert frais et piquant, id\u00e9al pour les salsas, les sauces et les recettes d'inspiration mexicaine. Pr\u00eat \u00e0 l'emploi pour les cuisines professionnelles.<\/span><\/p>","protected":false},"excerpt":{"rendered":"<p>\u00a0Tomatillo vert frais et piquant, id\u00e9al pour les salsas, les sauces et les recettes d'inspiration mexicaine. Pr\u00eat \u00e0 l'emploi pour les cuisines professionnelles.<\/p>","protected":false},"featured_media":13053,"template":"","meta":{"_crdt_document":""},"product_brand":[],"product_cat":[165],"product_tag":[160],"class_list":{"0":"post-13002","1":"product","2":"type-product","3":"status-publish","4":"has-post-thumbnail","6":"product_cat-mexican-products-and-nachos","7":"product_tag-food-service","9":"first","10":"instock","11":"shipping-taxable","12":"product-type-simple"},"_links":{"self":[{"href":"https:\/\/worldsgarden.eu\/fr\/wp-json\/wp\/v2\/product\/13002","targetHints":{"allow":["GET"]}}],"collection":[{"href":"https:\/\/worldsgarden.eu\/fr\/wp-json\/wp\/v2\/product"}],"about":[{"href":"https:\/\/worldsgarden.eu\/fr\/wp-json\/wp\/v2\/types\/product"}],"wp:featuredmedia":[{"embeddable":true,"href":"https:\/\/worldsgarden.eu\/fr\/wp-json\/wp\/v2\/media\/13053"}],"wp:attachment":[{"href":"https:\/\/worldsgarden.eu\/fr\/wp-json\/wp\/v2\/media?parent=13002"}],"wp:term":[{"taxonomy":"product_brand","embeddable":true,"href":"https:\/\/worldsgarden.eu\/fr\/wp-json\/wp\/v2\/product_brand?post=13002"},{"taxonomy":"product_cat","embeddable":true,"href":"https:\/\/worldsgarden.eu\/fr\/wp-json\/wp\/v2\/product_cat?post=13002"},{"taxonomy":"product_tag","embeddable":true,"href":"https:\/\/worldsgarden.eu\/fr\/wp-json\/wp\/v2\/product_tag?post=13002"}],"curies":[{"name":"wp","href":"https:\/\/api.w.org\/{rel}","templated":true}]}}