{"id":12978,"date":"2025-09-11T21:26:33","date_gmt":"2025-09-11T21:26:33","guid":{"rendered":"https:\/\/worldsgarden.eu\/?post_type=product&#038;p=12978"},"modified":"2025-09-25T01:36:47","modified_gmt":"2025-09-25T01:36:47","slug":"avocado-halves","status":"publish","type":"product","link":"https:\/\/worldsgarden.eu\/fr\/produit\/avocado-halves\/","title":{"rendered":"Moiti\u00e9s d'avocat"},"content":{"rendered":"<p><span style=\"font-weight: 400;\">Moiti\u00e9s d'avocat m\u00fbres \u00e0 la texture lisse et au go\u00fbt riche. Id\u00e9al pour <\/span><b>sandwichs, salades ou garnitures<\/b><span style=\"font-weight: 400;\">offrant aux chefs la qualit\u00e9 et la constance dans chaque portion.<\/span><\/p>","protected":false},"excerpt":{"rendered":"<p>Ripe avocado halves with smooth texture and rich taste. Ideal for sandwiches, salads, or garnish, offering chefs quality and consistency in every serving.<\/p>","protected":false},"featured_media":13090,"template":"","meta":{"_crdt_document":""},"product_brand":[],"product_cat":[161],"product_tag":[160],"class_list":{"0":"post-12978","1":"product","2":"type-product","3":"status-publish","4":"has-post-thumbnail","6":"product_cat-avocado-products","7":"product_tag-food-service","9":"first","10":"instock","11":"shipping-taxable","12":"product-type-simple"},"_links":{"self":[{"href":"https:\/\/worldsgarden.eu\/fr\/wp-json\/wp\/v2\/product\/12978","targetHints":{"allow":["GET"]}}],"collection":[{"href":"https:\/\/worldsgarden.eu\/fr\/wp-json\/wp\/v2\/product"}],"about":[{"href":"https:\/\/worldsgarden.eu\/fr\/wp-json\/wp\/v2\/types\/product"}],"wp:featuredmedia":[{"embeddable":true,"href":"https:\/\/worldsgarden.eu\/fr\/wp-json\/wp\/v2\/media\/13090"}],"wp:attachment":[{"href":"https:\/\/worldsgarden.eu\/fr\/wp-json\/wp\/v2\/media?parent=12978"}],"wp:term":[{"taxonomy":"product_brand","embeddable":true,"href":"https:\/\/worldsgarden.eu\/fr\/wp-json\/wp\/v2\/product_brand?post=12978"},{"taxonomy":"product_cat","embeddable":true,"href":"https:\/\/worldsgarden.eu\/fr\/wp-json\/wp\/v2\/product_cat?post=12978"},{"taxonomy":"product_tag","embeddable":true,"href":"https:\/\/worldsgarden.eu\/fr\/wp-json\/wp\/v2\/product_tag?post=12978"}],"curies":[{"name":"wp","href":"https:\/\/api.w.org\/{rel}","templated":true}]}}