{"id":12966,"date":"2025-09-11T21:17:10","date_gmt":"2025-09-11T21:17:10","guid":{"rendered":"https:\/\/worldsgarden.eu\/?post_type=product&#038;p=12966"},"modified":"2025-09-25T01:48:42","modified_gmt":"2025-09-25T01:48:42","slug":"medjool-dates-2","status":"publish","type":"product","link":"https:\/\/worldsgarden.eu\/es\/producto\/medjool-dates-2\/","title":{"rendered":"D\u00e1tiles Medjool"},"content":{"rendered":"<p><span style=\"font-weight: 400;\">D\u00e1tiles Medjool naturalmente dulces y masticables, perfectos para picar entre horas, hornear y como tentempi\u00e9 saludable. Repletos de fibra natural y nutrientes, una deliciosa elecci\u00f3n para los consumidores que buscan snacks saludables y pr\u00e1cticos.<\/span><\/p>","protected":false},"excerpt":{"rendered":"<p>D\u00e1tiles Medjool naturalmente dulces y masticables, perfectos para picar entre horas, hornear y como tentempi\u00e9 saludable. Repletos de fibra natural y nutrientes, una deliciosa elecci\u00f3n para los consumidores que buscan snacks saludables y pr\u00e1cticos.<\/p>","protected":false},"featured_media":13575,"template":"","meta":{"_crdt_document":""},"product_brand":[],"product_cat":[159],"product_tag":[156],"class_list":{"0":"post-12966","1":"product","2":"type-product","3":"status-publish","4":"has-post-thumbnail","6":"product_cat-dates","7":"product_tag-retail","9":"first","10":"instock","11":"shipping-taxable","12":"product-type-simple"},"_links":{"self":[{"href":"https:\/\/worldsgarden.eu\/es\/wp-json\/wp\/v2\/product\/12966","targetHints":{"allow":["GET"]}}],"collection":[{"href":"https:\/\/worldsgarden.eu\/es\/wp-json\/wp\/v2\/product"}],"about":[{"href":"https:\/\/worldsgarden.eu\/es\/wp-json\/wp\/v2\/types\/product"}],"wp:featuredmedia":[{"embeddable":true,"href":"https:\/\/worldsgarden.eu\/es\/wp-json\/wp\/v2\/media\/13575"}],"wp:attachment":[{"href":"https:\/\/worldsgarden.eu\/es\/wp-json\/wp\/v2\/media?parent=12966"}],"wp:term":[{"taxonomy":"product_brand","embeddable":true,"href":"https:\/\/worldsgarden.eu\/es\/wp-json\/wp\/v2\/product_brand?post=12966"},{"taxonomy":"product_cat","embeddable":true,"href":"https:\/\/worldsgarden.eu\/es\/wp-json\/wp\/v2\/product_cat?post=12966"},{"taxonomy":"product_tag","embeddable":true,"href":"https:\/\/worldsgarden.eu\/es\/wp-json\/wp\/v2\/product_tag?post=12966"}],"curies":[{"name":"wp","href":"https:\/\/api.w.org\/{rel}","templated":true}]}}